{"id":17444,"date":"2024-05-14T21:49:40","date_gmt":"2024-05-14T18:49:40","guid":{"rendered":"https:\/\/me.symbiosei.com\/?page_id=17444"},"modified":"2024-07-04T20:44:25","modified_gmt":"2024-07-04T17:44:25","slug":"%d1%83%d0%bc%d0%bd%d0%b0%d1%8f-%d1%84%d0%b5%d1%80%d0%bc%d0%b0","status":"publish","type":"page","link":"https:\/\/me.symbiosei.com\/?page_id=17444&lang=fr","title":{"rendered":"La ferme intelligente"},"content":{"rendered":"\t\t<div data-elementor-type=\"wp-page\" data-elementor-id=\"17444\" class=\"elementor elementor-17444 elementor-17335\" data-elementor-settings=\"[]\">\r\n\t\t\t\t\t\t<div class=\"elementor-inner\">\r\n\t\t\t\t\t\t\t<div class=\"elementor-section-wrap\">\r\n\t\t\t\t\t\t\t<section class=\"wd-negative-gap elementor-section elementor-top-section elementor-element elementor-element-5c175b5 elementor-section-boxed elementor-section-height-default elementor-section-height-default\" data-id=\"5c175b5\" data-element_type=\"section\">\r\n\t\t\t\t\t\t<div class=\"elementor-container elementor-column-gap-default\">\r\n\t\t\t\t\t\t\t<div class=\"elementor-row\">\r\n\t\t\t\t\t<div class=\"elementor-column elementor-col-100 elementor-top-column elementor-element elementor-element-b0b6887\" data-id=\"b0b6887\" data-element_type=\"column\">\r\n\t\t\t<div class=\"elementor-column-wrap elementor-element-populated\">\r\n\t\t\t\t\t\t\t<div class=\"elementor-widget-wrap\">\r\n\t\t\t\t\t\t<div class=\"elementor-element elementor-element-b5639eb elementor-widget elementor-widget-wd_text_block\" data-id=\"b5639eb\" data-element_type=\"widget\" data-widget_type=\"wd_text_block.default\">\r\n\t\t\t\t<div class=\"elementor-widget-container\">\r\n\t\t\t\t\t\t<link rel=\"stylesheet\" id=\"wd-text-block-css\" href=\"https:\/\/me.symbiosei.com\/wp-content\/themes\/woodmart\/css\/parts\/el-text-block.min.css?ver=7.4.3\" type=\"text\/css\" media=\"all\" \/> \t\t\t\t\t<div class=\"wd-text-block reset-last-child text-left\">\n\t\t\t\n\t\t\t<p style=\"margin-bottom: var(--wd-tags-mb); font-style: normal; font-variant-ligatures: normal; font-variant-caps: normal; font-weight: 400; font-family: 'Open Sans', Arial, Helvetica, sans-serif; font-size: 16px;\"><span style=\"font-size: 16px; color: #000000;\"><img loading=\"lazy\" decoding=\"async\" class=\"size-medium wp-image-17564 alignleft\" src=\"https:\/\/me.symbiosei.com\/wp-content\/uploads\/2024\/06\/csm_IMG_20231222_084748_08d2f39aa5-400x266.jpg\" alt=\"\" width=\"400\" height=\"266\" srcset=\"https:\/\/me.symbiosei.com\/wp-content\/uploads\/2024\/06\/csm_IMG_20231222_084748_08d2f39aa5-400x266.jpg 400w, https:\/\/me.symbiosei.com\/wp-content\/uploads\/2024\/06\/csm_IMG_20231222_084748_08d2f39aa5-768x512.jpg 768w, https:\/\/me.symbiosei.com\/wp-content\/uploads\/2024\/06\/csm_IMG_20231222_084748_08d2f39aa5-750x500.jpg 750w, https:\/\/me.symbiosei.com\/wp-content\/uploads\/2024\/06\/csm_IMG_20231222_084748_08d2f39aa5-250x167.jpg 250w, https:\/\/me.symbiosei.com\/wp-content\/uploads\/2024\/06\/csm_IMG_20231222_084748_08d2f39aa5.jpg 1024w\" sizes=\"auto, (max-width: 400px) 100vw, 400px\" \/>Exploitation exp\u00e9rimentale du bureau du Moyen-Orient de Symbiose Intelligente - seulement 100 m\u00e8tres carr\u00e9s sur le toit de notre bureau. \u00c0 quelques pas se trouve le rivage de la mer Rouge. Ici, nous testons des \u00e9quipements dans les conditions rigoureuses du d\u00e9sert sal\u00e9. <\/span><\/p><p style=\"margin-bottom: var(--wd-tags-mb); font-style: normal; font-variant-ligatures: normal; font-variant-caps: normal; font-weight: 400; font-family: 'Open Sans', Arial, Helvetica, sans-serif; font-size: 16px;\"><span style=\"color: #000000;\">Pourtant, m\u00eame dans un espace aussi restreint, il y a de la place pour des zones distinctes avec leur propre microclimat:<\/span><\/p><p style=\"margin-bottom: 0px; font-style: normal; font-variant-ligatures: normal; font-variant-caps: normal; font-weight: 400; font-family: 'Open Sans', Arial, Helvetica, sans-serif; font-size: 16px;\"><span style=\"color: #000000;\">- Le mur sud-est de la terrasse couverte est partiellement ombrag\u00e9 et expos\u00e9 \u00e0 la brise marine.<\/span><br \/><span style=\"color: #000000;\">- Le mur nord-ouest de la terrasse couverte est ombrag\u00e9 et expos\u00e9 \u00e0 la brise marine (avec peu de vent).<\/span><br \/><span style=\"color: #000000;\">- Un balcon ferm\u00e9 sur la mer c\u00f4t\u00e9 sud-ouest (plus proche de l'ouest). Soleil \u00e9clatant, presque pas de vent.<\/span><\/p>\n\t\t\t\t\t<\/div>\n\t\t\t\t<\/div>\r\n\t\t\t\t<\/div>\r\n\t\t\t\t\t\t<\/div>\r\n\t\t\t\t\t<\/div>\r\n\t\t<\/div>\r\n\t\t\t\t\t\t\t\t<\/div>\r\n\t\t\t\t\t<\/div>\r\n\t\t<\/section>\r\n\t\t\t\t\t\t<\/div>\r\n\t\t\t\t\t\t<\/div>\r\n\t\t\t\t\t<\/div>\r\n\t\t","protected":false},"excerpt":{"rendered":"<p>Exploitation exp\u00e9rimentale du bureau du Moyen-Orient de Symbiose Intelligente &#8211; seulement 100 m\u00e8tres carr\u00e9s sur le toit de notre bureau.<\/p>\n","protected":false},"author":1,"featured_media":0,"parent":0,"menu_order":0,"comment_status":"closed","ping_status":"closed","template":"","meta":{"_acf_changed":false,"footnotes":""},"class_list":["post-17444","page","type-page","status-publish","hentry"],"acf":{"page":null},"_links":{"self":[{"href":"https:\/\/me.symbiosei.com\/index.php?rest_route=\/wp\/v2\/pages\/17444","targetHints":{"allow":["GET"]}}],"collection":[{"href":"https:\/\/me.symbiosei.com\/index.php?rest_route=\/wp\/v2\/pages"}],"about":[{"href":"https:\/\/me.symbiosei.com\/index.php?rest_route=\/wp\/v2\/types\/page"}],"author":[{"embeddable":true,"href":"https:\/\/me.symbiosei.com\/index.php?rest_route=\/wp\/v2\/users\/1"}],"replies":[{"embeddable":true,"href":"https:\/\/me.symbiosei.com\/index.php?rest_route=%2Fwp%2Fv2%2Fcomments&post=17444"}],"version-history":[{"count":9,"href":"https:\/\/me.symbiosei.com\/index.php?rest_route=\/wp\/v2\/pages\/17444\/revisions"}],"predecessor-version":[{"id":18227,"href":"https:\/\/me.symbiosei.com\/index.php?rest_route=\/wp\/v2\/pages\/17444\/revisions\/18227"}],"wp:attachment":[{"href":"https:\/\/me.symbiosei.com\/index.php?rest_route=%2Fwp%2Fv2%2Fmedia&parent=17444"}],"curies":[{"name":"wp","href":"https:\/\/api.w.org\/{rel}","templated":true}]}}