{"id":17926,"date":"2024-06-28T17:03:34","date_gmt":"2024-06-28T14:03:34","guid":{"rendered":"https:\/\/me.symbiosei.com\/?page_id=17926"},"modified":"2024-09-09T22:58:39","modified_gmt":"2024-09-09T19:58:39","slug":"concernant-ce-site","status":"publish","type":"page","link":"https:\/\/me.symbiosei.com\/?page_id=17926&lang=fr","title":{"rendered":"Concernant ce site"},"content":{"rendered":"\t\t<div data-elementor-type=\"wp-page\" data-elementor-id=\"17926\" class=\"elementor elementor-17926 elementor-17920\" data-elementor-settings=\"[]\">\r\n\t\t\t\t\t\t<div class=\"elementor-inner\">\r\n\t\t\t\t\t\t\t<div class=\"elementor-section-wrap\">\r\n\t\t\t\t\t\t\t<section class=\"wd-negative-gap elementor-section elementor-top-section elementor-element elementor-element-7afa5abb elementor-section-boxed elementor-section-height-default elementor-section-height-default\" data-id=\"7afa5abb\" data-element_type=\"section\">\r\n\t\t\t\t\t\t<div class=\"elementor-container elementor-column-gap-default\">\r\n\t\t\t\t\t\t\t<div class=\"elementor-row\">\r\n\t\t\t\t\t<div class=\"elementor-column elementor-col-100 elementor-top-column elementor-element elementor-element-64cea82a\" data-id=\"64cea82a\" data-element_type=\"column\">\r\n\t\t\t<div class=\"elementor-column-wrap elementor-element-populated\">\r\n\t\t\t\t\t\t\t<div class=\"elementor-widget-wrap\">\r\n\t\t\t\t\t\t<div class=\"elementor-element elementor-element-2edf04b7 color-scheme-inherit text-left elementor-widget elementor-widget-text-editor\" data-id=\"2edf04b7\" data-element_type=\"widget\" data-widget_type=\"text-editor.default\">\r\n\t\t\t\t<div class=\"elementor-widget-container\">\r\n\t\t\t<style>\/*! elementor - v3.5.3 - 28-12-2021 *\/\r\n.elementor-widget-text-editor.elementor-drop-cap-view-stacked .elementor-drop-cap{background-color:#818a91;color:#fff}.elementor-widget-text-editor.elementor-drop-cap-view-framed .elementor-drop-cap{color:#818a91;border:3px solid;background-color:transparent}.elementor-widget-text-editor:not(.elementor-drop-cap-view-default) .elementor-drop-cap{margin-top:8px}.elementor-widget-text-editor:not(.elementor-drop-cap-view-default) .elementor-drop-cap-letter{width:1em;height:1em}.elementor-widget-text-editor .elementor-drop-cap{float:left;text-align:center;line-height:1;font-size:50px}.elementor-widget-text-editor .elementor-drop-cap-letter{display:inline-block}<\/style>\t\t\t\t\t<div class=\"elementor-text-editor elementor-clearfix\">\r\n\t\t\t\t<p class=\"has-black-color has-text-color has-link-color\" style=\"text-align: left;\">ME.Symbiosei.com \u2013 repr\u00e9sentation officielle de <a href=\"https:\/\/www.symbiosei.com\/fr\/\"><strong>Symbiose Intelligente<\/strong><\/a> au Moyen-Orient et en Afrique du Nord. Notre adresse : R\u00e9publique d&#8217;\u00c9gypte, p\u00e9ninsule du Sina\u00ef, Dahab, \u00e9covillage Symbiose Intelligente. Actuellement, l&#8217;\u00e9covillage se compose seulement de deux maisons. La deuxi\u00e8me, une maison exp\u00e9rimentale en pis\u00e9, <a href=\"https:\/\/www.symbiosei.com\/fr\/about\/news\/i\/news\/le-premier-prototype-de-chalet-en-pise-est-mis-en-service\/\"><strong>a \u00e9t\u00e9 r\u00e9cemment construite<\/strong><\/a> sur le toit de notre bureau. Cependant, cette configuration est tout \u00e0 fait suffisante pour tester les technologies <a href=\"https:\/\/www.symbiosei.com\/fr\/projects\/how-it-works\/\"><strong>des \u00e9cosyst\u00e8mes g\u00e9r\u00e9s<\/strong><\/a> et des <a href=\"https:\/\/www.symbiosei.com\/fr\/projects\/desertecovillage\/\"><strong>\u00e9co-maisons construites en mat\u00e9riaux naturels<\/strong><\/a> dans les conditions climatiques rigoureuses du d\u00e9sert sal\u00e9.<\/p>\t\t\t\t\t<\/div>\r\n\t\t\t\t\t\t<\/div>\r\n\t\t\t\t<\/div>\r\n\t\t\t\t<div class=\"elementor-element elementor-element-ad96d93 wd-width-100 elementor-widget elementor-widget-wd_images_gallery\" data-id=\"ad96d93\" data-element_type=\"widget\" data-widget_type=\"wd_images_gallery.default\">\r\n\t\t\t\t<div class=\"elementor-widget-container\">\r\n\t\t\t\t\t\t<link rel=\"stylesheet\" id=\"wd-photoswipe-css\" href=\"https:\/\/me.symbiosei.com\/wp-content\/themes\/woodmart\/css\/parts\/lib-photoswipe.min.css?ver=7.4.3\" type=\"text\/css\" media=\"all\" \/> \t\t\t\t\t\t<link rel=\"stylesheet\" id=\"wd-justified-css\" href=\"https:\/\/me.symbiosei.com\/wp-content\/themes\/woodmart\/css\/parts\/lib-justified-gallery.min.css?ver=7.4.3\" type=\"text\/css\" media=\"all\" \/> \t\t\t\t\t\t<link rel=\"stylesheet\" id=\"wd-image-gallery-css\" href=\"https:\/\/me.symbiosei.com\/wp-content\/themes\/woodmart\/css\/parts\/el-gallery.min.css?ver=7.4.3\" type=\"text\/css\" media=\"all\" \/> \t\t\t\t\t<div class=\"wd-images-gallery photoswipe-images\">\n\t\t\t\t\t\t<div class=\"wd-justified\" >\n\t\t\t\t\t\t\t\t\t\t\t\t\t\t\t\t\t\t<div class=\"wd-gallery-item\">\n\t\t\t\t\t\t\t\t\t\t\t\t\t<a  href=\"https:\/\/me.symbiosei.com\/wp-content\/uploads\/2024\/07\/csm_IMG_20231222_084748_08d2f39aa5.jpg\"data-width=\"1024\" data-height=\"682\" data-index=\"1\" data-elementor-open-lightbox=\"no\">\n\t\t\t\t\t\t\n\t\t\t\t\t\t<img decoding=\"async\" src=\"https:\/\/me.symbiosei.com\/wp-content\/uploads\/2024\/07\/csm_IMG_20231222_084748_08d2f39aa5-400x266.jpg\"alt=\"csm_IMG_20231222_084748_08d2f39aa5\">\n\t\t\t\t\t\t\t\t\t\t\t\t\t<\/a>\n\t\t\t\t\t\t\t\t\t\t\t<\/div>\n\t\t\t\t\t\t\t\t\t\t\t\t\t\t\t<div class=\"wd-gallery-item\">\n\t\t\t\t\t\t\t\t\t\t\t\t\t<a  href=\"https:\/\/me.symbiosei.com\/wp-content\/uploads\/2024\/07\/csm_20231219_145537_95cf52fb10.jpg\"data-width=\"1024\" data-height=\"683\" data-index=\"2\" data-elementor-open-lightbox=\"no\">\n\t\t\t\t\t\t\n\t\t\t\t\t\t<img decoding=\"async\" src=\"https:\/\/me.symbiosei.com\/wp-content\/uploads\/2024\/07\/csm_20231219_145537_95cf52fb10-400x267.jpg\"alt=\"csm_20231219_145537_95cf52fb10\">\n\t\t\t\t\t\t\t\t\t\t\t\t\t<\/a>\n\t\t\t\t\t\t\t\t\t\t\t<\/div>\n\t\t\t\t\t\t\t\t\t\t\t\t\t\t\t<div class=\"wd-gallery-item\">\n\t\t\t\t\t\t\t\t\t\t\t\t\t<a  href=\"https:\/\/me.symbiosei.com\/wp-content\/uploads\/2024\/07\/csm_20231219_150144_4cf63c6c7a.jpg\"data-width=\"1024\" data-height=\"682\" data-index=\"3\" data-elementor-open-lightbox=\"no\">\n\t\t\t\t\t\t\n\t\t\t\t\t\t<img decoding=\"async\" src=\"https:\/\/me.symbiosei.com\/wp-content\/uploads\/2024\/07\/csm_20231219_150144_4cf63c6c7a-400x266.jpg\"alt=\"Capteur climatique pour lit de fleurs basses. Mat\u00e9riau : verre color\u00e9 recycl\u00e9\">\n\t\t\t\t\t\t\t\t\t\t\t\t\t<\/a>\n\t\t\t\t\t\t\t\t\t\t\t<\/div>\n\t\t\t\t\t\t\t\t\t\t\t\t\t\t\t<div class=\"wd-gallery-item\">\n\t\t\t\t\t\t\t\t\t\t\t\t\t<a  href=\"https:\/\/me.symbiosei.com\/wp-content\/uploads\/2024\/06\/csm_IMG_20231223_162444a_da2f2b3303.jpg\"data-width=\"1024\" data-height=\"682\" data-index=\"4\" data-elementor-open-lightbox=\"no\">\n\t\t\t\t\t\t\n\t\t\t\t\t\t<img decoding=\"async\" src=\"https:\/\/me.symbiosei.com\/wp-content\/uploads\/2024\/06\/csm_IMG_20231223_162444a_da2f2b3303-400x266.jpg\"alt=\"csm_IMG_20231223_162444a_da2f2b3303\">\n\t\t\t\t\t\t\t\t\t\t\t\t\t<\/a>\n\t\t\t\t\t\t\t\t\t\t\t<\/div>\n\t\t\t\t\t\t\t\t\t\t\t\t\t\t\t<div class=\"wd-gallery-item\">\n\t\t\t\t\t\t\t\t\t\t\t\t\t<a  href=\"https:\/\/me.symbiosei.com\/wp-content\/uploads\/2024\/06\/csm_1-dizai__n1_94ecda1f85.jpg\"data-width=\"1024\" data-height=\"681\" data-index=\"5\" data-elementor-open-lightbox=\"no\">\n\t\t\t\t\t\t\n\t\t\t\t\t\t<img decoding=\"async\" src=\"https:\/\/me.symbiosei.com\/wp-content\/uploads\/2024\/06\/csm_1-dizai__n1_94ecda1f85-400x266.jpg\"alt=\"csm_1-dizai__n1_94ecda1f85\">\n\t\t\t\t\t\t\t\t\t\t\t\t\t<\/a>\n\t\t\t\t\t\t\t\t\t\t\t<\/div>\n\t\t\t\t\t\t\t\t\t\t\t\t\t\t\t<div class=\"wd-gallery-item\">\n\t\t\t\t\t\t\t\t\t\t\t\t\t<a  href=\"https:\/\/me.symbiosei.com\/wp-content\/uploads\/2024\/06\/csm_IMG_20231224_115615f_eacc02a663.jpg\"data-width=\"730\" data-height=\"486\" data-index=\"6\" data-elementor-open-lightbox=\"no\">\n\t\t\t\t\t\t\n\t\t\t\t\t\t<img decoding=\"async\" src=\"https:\/\/me.symbiosei.com\/wp-content\/uploads\/2024\/06\/csm_IMG_20231224_115615f_eacc02a663-400x266.jpg\"alt=\"csm_IMG_20231224_115615f_eacc02a663\">\n\t\t\t\t\t\t\t\t\t\t\t\t\t<\/a>\n\t\t\t\t\t\t\t\t\t\t\t<\/div>\n\t\t\t\t\t\t\t\t\t\t\t\t\t<\/div>\n\t\t\t\t\t<\/div>\n\t\t\t\t<\/div>\r\n\t\t\t\t<\/div>\r\n\t\t\t\t\t\t<\/div>\r\n\t\t\t\t\t<\/div>\r\n\t\t<\/div>\r\n\t\t\t\t\t\t\t\t<\/div>\r\n\t\t\t\t\t<\/div>\r\n\t\t<\/section>\r\n\t\t\t\t\t\t<\/div>\r\n\t\t\t\t\t\t<\/div>\r\n\t\t\t\t\t<\/div>\r\n\t\t","protected":false},"excerpt":{"rendered":"<p>ME.Symbiosei.com \u2013 repr\u00e9sentation officielle de Symbiose Intelligente au Moyen-Orient et en Afrique du Nord. Notre adresse : R\u00e9publique d&#8217;\u00c9gypte, p\u00e9ninsule<\/p>\n","protected":false},"author":1,"featured_media":17572,"parent":0,"menu_order":0,"comment_status":"closed","ping_status":"closed","template":"","meta":{"_acf_changed":false,"footnotes":""},"class_list":["post-17926","page","type-page","status-publish","has-post-thumbnail","hentry"],"acf":{"page":null},"_links":{"self":[{"href":"https:\/\/me.symbiosei.com\/index.php?rest_route=\/wp\/v2\/pages\/17926","targetHints":{"allow":["GET"]}}],"collection":[{"href":"https:\/\/me.symbiosei.com\/index.php?rest_route=\/wp\/v2\/pages"}],"about":[{"href":"https:\/\/me.symbiosei.com\/index.php?rest_route=\/wp\/v2\/types\/page"}],"author":[{"embeddable":true,"href":"https:\/\/me.symbiosei.com\/index.php?rest_route=\/wp\/v2\/users\/1"}],"replies":[{"embeddable":true,"href":"https:\/\/me.symbiosei.com\/index.php?rest_route=%2Fwp%2Fv2%2Fcomments&post=17926"}],"version-history":[{"count":17,"href":"https:\/\/me.symbiosei.com\/index.php?rest_route=\/wp\/v2\/pages\/17926\/revisions"}],"predecessor-version":[{"id":18623,"href":"https:\/\/me.symbiosei.com\/index.php?rest_route=\/wp\/v2\/pages\/17926\/revisions\/18623"}],"wp:featuredmedia":[{"embeddable":true,"href":"https:\/\/me.symbiosei.com\/index.php?rest_route=\/wp\/v2\/media\/17572"}],"wp:attachment":[{"href":"https:\/\/me.symbiosei.com\/index.php?rest_route=%2Fwp%2Fv2%2Fmedia&parent=17926"}],"curies":[{"name":"wp","href":"https:\/\/api.w.org\/{rel}","templated":true}]}}